{"id":7,"date":"2025-07-04T22:07:31","date_gmt":"2025-07-04T22:07:31","guid":{"rendered":"http:\/\/equitekno.com\/?page_id=7"},"modified":"2025-07-06T21:37:34","modified_gmt":"2025-07-06T21:37:34","slug":"home-2","status":"publish","type":"page","link":"https:\/\/equitekno.com\/","title":{"rendered":"HOME"},"content":{"rendered":"\t\t<div data-elementor-type=\"wp-page\" data-elementor-id=\"7\" class=\"elementor elementor-7\">\n\t\t\t\t<div class=\"elementor-element elementor-element-824db9e e-con-full e-flex e-con e-parent\" data-id=\"824db9e\" data-element_type=\"container\">\n\t\t\t\t<div class=\"elementor-element elementor-element-06117e3 elementor-widget elementor-widget-heading\" data-id=\"06117e3\" data-element_type=\"widget\" data-widget_type=\"heading.default\">\n\t\t\t\t\t<h2 class=\"elementor-heading-title elementor-size-default\">Bringing Smart Technology to Life<\/h2>\t\t\t\t<\/div>\n\t\t\t\t<div class=\"elementor-element elementor-element-cd84ae8 elementor-widget__width-inherit elementor-widget elementor-widget-text-editor\" data-id=\"cd84ae8\" data-element_type=\"widget\" data-widget_type=\"text-editor.default\">\n\t\t\t\t\t\t\t\t\t<p>Automation | Wellness Tech | Equipment Imports | Consulting<\/p>\t\t\t\t\t\t\t\t<\/div>\n\t\t\t\t<div class=\"elementor-element elementor-element-52684d3 elementor-widget-divider--view-line elementor-widget elementor-widget-divider\" data-id=\"52684d3\" data-element_type=\"widget\" data-widget_type=\"divider.default\">\n\t\t\t\t\t\t\t<div class=\"elementor-divider\">\n\t\t\t<span class=\"elementor-divider-separator\">\n\t\t\t\t\t\t<\/span>\n\t\t<\/div>\n\t\t\t\t\t\t<\/div>\n\t\t\t\t<\/div>\n\t\t<div class=\"elementor-element elementor-element-286f214 e-con-full e-flex e-con e-parent\" data-id=\"286f214\" data-element_type=\"container\">\n\t\t<div class=\"elementor-element elementor-element-7173fc0 e-con-full e-flex e-con e-child\" data-id=\"7173fc0\" data-element_type=\"container\">\n\t\t\t\t<div class=\"elementor-element elementor-element-be01925 elementor-widget elementor-widget-heading\" data-id=\"be01925\" data-element_type=\"widget\" data-widget_type=\"heading.default\">\n\t\t\t\t\t<h2 class=\"elementor-heading-title elementor-size-default\">\u00bfQui\u00e9nes Somos?<\/h2>\t\t\t\t<\/div>\n\t\t\t\t<\/div>\n\t\t<div class=\"elementor-element elementor-element-42534aa e-con-full e-flex e-con e-child\" data-id=\"42534aa\" data-element_type=\"container\">\n\t\t\t\t<div class=\"elementor-element elementor-element-57c459a3 elementor-widget elementor-widget-heading\" data-id=\"57c459a3\" data-element_type=\"widget\" data-widget_type=\"heading.default\">\n\t\t\t\t\t<h2 class=\"elementor-heading-title elementor-size-default\">Who we  Are<\/h2>\t\t\t\t<\/div>\n\t\t\t\t<\/div>\n\t\t\t\t<\/div>\n\t\t<div class=\"elementor-element elementor-element-fae8e63 e-grid e-con-full e-con e-parent\" data-id=\"fae8e63\" data-element_type=\"container\">\n\t\t\t\t<div class=\"elementor-element elementor-element-598cd385 elementor-widget__width-initial elementor-widget elementor-widget-text-editor\" data-id=\"598cd385\" data-element_type=\"widget\" data-widget_type=\"text-editor.default\">\n\t\t\t\t\t\t\t\t\t<p data-start=\"1158\" data-end=\"1333\"><strong data-start=\"1158\" data-end=\"1184\">Equitekno Group S.A.S.<\/strong> es una empresa colombiana dedicada a ayudar a otras empresas a crecer mediante <strong data-start=\"1264\" data-end=\"1282\">automatizaci\u00f3n<\/strong>, <strong data-start=\"1284\" data-end=\"1314\">importaciones estrat\u00e9gicas<\/strong> y <strong data-start=\"1317\" data-end=\"1332\">consultor\u00eda<\/strong>.<\/p><p data-start=\"1335\" data-end=\"1542\">Con experiencia en <strong data-start=\"1354\" data-end=\"1371\">Latinoam\u00e9rica<\/strong>, <strong data-start=\"1373\" data-end=\"1391\">Estados Unidos<\/strong> y <strong data-start=\"1394\" data-end=\"1403\">China<\/strong>, conectamos la <strong data-start=\"1419\" data-end=\"1452\">innovaci\u00f3n con la practicidad<\/strong>, trayendo tecnolog\u00eda eficiente, equipos confiables y alianzas globales a sus operaciones.<\/p><p data-start=\"1544\" data-end=\"1726\">Creemos en un crecimiento <strong data-start=\"1570\" data-end=\"1624\">inteligente, sostenible y centrado en las personas<\/strong>. Nuestro equipo incluye ingenieros, consultores y emprendedores comprometidos con generar valor real.<\/p>\t\t\t\t\t\t\t\t<\/div>\n\t\t\t\t<div class=\"elementor-element elementor-element-07c44cc elementor-widget__width-initial elementor-widget elementor-widget-text-editor\" data-id=\"07c44cc\" data-element_type=\"widget\" data-widget_type=\"text-editor.default\">\n\t\t\t\t\t\t\t\t\t<p data-start=\"254\" data-end=\"409\"><strong data-start=\"254\" data-end=\"280\">Equitekno Group S.A.S.<\/strong> is a Colombian company dedicated to helping businesses thrive through <strong data-start=\"351\" data-end=\"365\">automation<\/strong>, <strong data-start=\"367\" data-end=\"388\">strategic imports<\/strong>, and <strong data-start=\"394\" data-end=\"408\">consulting<\/strong>.<\/p><p data-start=\"411\" data-end=\"629\">With experience across <strong data-start=\"434\" data-end=\"451\">Latin America<\/strong>, the <strong data-start=\"457\" data-end=\"474\">United States<\/strong>, and <strong data-start=\"480\" data-end=\"489\">China<\/strong>, we bridge <strong data-start=\"501\" data-end=\"532\">innovation and practicality<\/strong> \u2013 bringing efficient technology, reliable equipment, and global partnerships to your operations.<\/p><p data-start=\"631\" data-end=\"797\">We believe in <strong data-start=\"645\" data-end=\"694\">smart, sustainable, and human-centered growth<\/strong>. Our team includes engineers, consultants, and entrepreneurs committed to delivering measurable value.<\/p><p data-start=\"631\" data-end=\"797\">\u00a0<\/p>\t\t\t\t\t\t\t\t<\/div>\n\t\t\t\t<\/div>\n\t\t<div class=\"elementor-element elementor-element-7b12929 e-con-full e-flex e-con e-parent\" data-id=\"7b12929\" data-element_type=\"container\">\n\t\t<div class=\"elementor-element elementor-element-65a17e1 e-con-full e-flex e-con e-child\" data-id=\"65a17e1\" data-element_type=\"container\">\n\t\t\t\t<div class=\"elementor-element elementor-element-28b205a elementor-widget elementor-widget-text-editor\" data-id=\"28b205a\" data-element_type=\"widget\" data-widget_type=\"text-editor.default\">\n\t\t\t\t\t\t\t\t\t<p data-start=\"1754\" data-end=\"1780\">\u2705 Alianzas a largo plazo<\/p><p data-start=\"1783\" data-end=\"1822\">\u2705 Suministro global con enfoque local<\/p><p data-start=\"1825\" data-end=\"1870\">\u2705 Automatizaci\u00f3n inteligente con resultados<\/p><p data-start=\"1873\" data-end=\"1908\">\u2705 Tecnolog\u00eda en salud y bienestar<\/p>\t\t\t\t\t\t\t\t<\/div>\n\t\t\t\t<\/div>\n\t\t<div class=\"elementor-element elementor-element-b6e8c2b e-con-full e-flex e-con e-child\" data-id=\"b6e8c2b\" data-element_type=\"container\">\n\t\t\t\t<div class=\"elementor-element elementor-element-3ddf1fd elementor-widget elementor-widget-text-editor\" data-id=\"3ddf1fd\" data-element_type=\"widget\" data-widget_type=\"text-editor.default\">\n\t\t\t\t\t\t\t\t\t<p data-start=\"865\" data-end=\"891\">\u2705 Long-term partnerships<\/p><p>\u2705 Global sourcing made local<\/p><p data-start=\"927\" data-end=\"964\">\u2705 Smart automation for real results<\/p><p data-start=\"967\" data-end=\"1007\">\u2705 Health &amp; wellness through technology<\/p>\t\t\t\t\t\t\t\t<\/div>\n\t\t\t\t<\/div>\n\t\t\t\t<\/div>\n\t\t<div class=\"elementor-element elementor-element-f64936b e-grid e-con-full e-con e-parent\" data-id=\"f64936b\" data-element_type=\"container\">\n\t\t\t\t<div class=\"elementor-element elementor-element-3b32ceb elementor-widget elementor-widget-text-editor\" data-id=\"3b32ceb\" data-element_type=\"widget\" data-widget_type=\"text-editor.default\">\n\t\t\t\t\t\t\t\t\t<p data-start=\"957\" data-end=\"997\"><img decoding=\"async\" class=\"emoji\" role=\"img\" draggable=\"false\" src=\"https:\/\/s.w.org\/images\/core\/emoji\/15.1.0\/svg\/1f4e7.svg\" alt=\"\ud83d\udce7\" \/> Email us at:<br data-start=\"972\" data-end=\"975\" \/><strong data-start=\"975\" data-end=\"997\"><a class=\"cursor-pointer\" rel=\"noopener\" data-start=\"977\" data-end=\"995\">info@equitekno.com<\/a><\/strong><\/p><p data-start=\"999\" data-end=\"1051\"><img decoding=\"async\" class=\"emoji\" role=\"img\" draggable=\"false\" src=\"https:\/\/s.w.org\/images\/core\/emoji\/15.1.0\/svg\/1f4de.svg\" alt=\"\ud83d\udcde\" \/> Call us:<br data-start=\"1010\" data-end=\"1013\" \/><strong data-start=\"1013\" data-end=\"1033\">+57 300 8852208<\/strong> <em data-start=\"1034\" data-end=\"1051\"><br \/><\/em><\/p><p data-start=\"1053\" data-end=\"1124\"><img decoding=\"async\" class=\"emoji\" role=\"img\" draggable=\"false\" src=\"https:\/\/s.w.org\/images\/core\/emoji\/15.1.0\/svg\/1f4cd.svg\" alt=\"\ud83d\udccd\" \/> Based in Colombia, serving clients across Latin America and the U.S.<\/p>\t\t\t\t\t\t\t\t<\/div>\n\t\t\t\t<\/div>\n\t\t\t\t<\/div>\n\t\t","protected":false},"excerpt":{"rendered":"<p>Bringing Smart Technology to Life Automation | Wellness Tech | Equipment Imports | Consulting \u00bfQui\u00e9nes Somos? Who we Are Equitekno Group S.A.S. es una empresa colombiana dedicada a ayudar a otras empresas a crecer mediante automatizaci\u00f3n, importaciones estrat\u00e9gicas y consultor\u00eda. Con experiencia en Latinoam\u00e9rica, Estados Unidos y China, conectamos la innovaci\u00f3n con la practicidad, trayendo &#8230; <a title=\"HOME\" class=\"read-more\" href=\"https:\/\/equitekno.com\/\" aria-label=\"Read more about HOME\">Read more<\/a><\/p>\n","protected":false},"author":1,"featured_media":0,"parent":0,"menu_order":0,"comment_status":"closed","ping_status":"closed","template":"elementor_header_footer","meta":{"footnotes":""},"class_list":["post-7","page","type-page","status-publish"],"_links":{"self":[{"href":"https:\/\/equitekno.com\/index.php?rest_route=\/wp\/v2\/pages\/7","targetHints":{"allow":["GET"]}}],"collection":[{"href":"https:\/\/equitekno.com\/index.php?rest_route=\/wp\/v2\/pages"}],"about":[{"href":"https:\/\/equitekno.com\/index.php?rest_route=\/wp\/v2\/types\/page"}],"author":[{"embeddable":true,"href":"https:\/\/equitekno.com\/index.php?rest_route=\/wp\/v2\/users\/1"}],"replies":[{"embeddable":true,"href":"https:\/\/equitekno.com\/index.php?rest_route=%2Fwp%2Fv2%2Fcomments&post=7"}],"version-history":[{"count":5,"href":"https:\/\/equitekno.com\/index.php?rest_route=\/wp\/v2\/pages\/7\/revisions"}],"predecessor-version":[{"id":120,"href":"https:\/\/equitekno.com\/index.php?rest_route=\/wp\/v2\/pages\/7\/revisions\/120"}],"wp:attachment":[{"href":"https:\/\/equitekno.com\/index.php?rest_route=%2Fwp%2Fv2%2Fmedia&parent=7"}],"curies":[{"name":"wp","href":"https:\/\/api.w.org\/{rel}","templated":true}]}}